{"id":99,"date":"2023-12-13T17:54:29","date_gmt":"2023-12-13T17:54:29","guid":{"rendered":"https:\/\/musikpoint.eu\/?page_id=99"},"modified":"2024-05-31T10:45:44","modified_gmt":"2024-05-31T10:45:44","slug":"michael-waidner-2","status":"publish","type":"page","link":"https:\/\/musikpoint.eu\/index.php\/musikschule-2\/unsere-lehrer\/michael-waidner-2\/","title":{"rendered":"Michael Waidner"},"content":{"rendered":"\n<div class=\"wp-block-media-text is-stacked-on-mobile is-vertically-aligned-top\" style=\"grid-template-columns:20% auto\"><figure class=\"wp-block-media-text__media\"><img loading=\"lazy\" decoding=\"async\" width=\"183\" height=\"137\" src=\"https:\/\/musikpoint.eu\/wp-content\/uploads\/2023\/12\/Michael-Waidner.jpg\" alt=\"Michael Waidner\" class=\"wp-image-98 size-full\"\/><\/figure><div class=\"wp-block-media-text__content\">\n<p>Meine ersten Erfahrungen am Schlagzeug und diversen anderen Schlaginstrumenten sammelte ich in einem Schalmeienchor als \u201ePauker\u201c.<br>Die Vielfalt des Schlagzeugs faszinierte mich, ich nahm professionellen Schlagzeugunterricht und sammelte Banderfahrungen.<br>Bis heute begleitet mich diese Leidenschaft, die ich gerne weitergeben m\u00f6chte.<br>Seit 2022 unterrichte ich Kinder und Jugendliche am Schlagzeug.<br>In meinen Sessions m\u00f6chte ich Rhythmus- und Taktgef\u00fchl, Koordination, Technik und Spa\u00df am Schlagzeug vermitteln.<br>Zudem werden die Grundlagen rund um die Noten und das Instrument erlernt.<br>Diese Basis vermittle ich strukturiert und in einem dem Sch\u00fcler angepassten Tempo.<\/p>\n<\/div><\/div>\n\n\n\n<p><div id=\"container\" class=\"hfeed wpbf-page\"><div id=\"content\"><div id=\"inner-content\" class=\"wpbf-container wpbf-container-center wpbf-padding-medium\"><div class=\"wpbf-grid wpbf-main-grid wpbf-grid-medium\"><main id=\"main\" class=\"wpbf-main wpbf-medium-2-3 wpbf-single-content wpbf-page-content\"><div class=\"entry-content\" itemprop=\"text\"><p><strong>Kontakt<\/strong><\/p><p>Mit diesem Formular kannst Du dich mit Michael Waidner in Verbindung setzen, damit Du mit ihm eine Probestunde vereinbaren kannst. Vergiss <br>bitte nicht Deine Email-Adresse und Telefonnummer einzutragen.<\/p><\/div><\/main><\/div><\/div><\/div><\/div><\/p>\n\n\n<style id=\"wpforms-css-vars-267\">\n\t\t\t\t#wpforms-267 {\n\t\t\t\t\n\t\t\t}\n\t\t\t<\/style><div class=\"wpforms-container wpforms-container-full wpforms-render-modern\" id=\"wpforms-267\"><form id=\"wpforms-form-267\" class=\"wpforms-validate wpforms-form wpforms-ajax-form\" data-formid=\"267\" method=\"post\" enctype=\"multipart\/form-data\" action=\"\/index.php\/wp-json\/wp\/v2\/pages\/99\" data-token=\"ef08d7b4a69883c851cd1c32a7494c9e\" data-token-time=\"1776359810\"><noscript class=\"wpforms-error-noscript\">Bitte aktiviere JavaScript in deinem Browser, um dieses Formular fertigzustellen.<\/noscript><div id=\"wpforms-error-noscript\" style=\"display: none;\">Bitte aktiviere JavaScript in deinem Browser, um dieses Formular fertigzustellen.<\/div><div class=\"wpforms-field-container\"><div id=\"wpforms-267-field_2-container\" class=\"wpforms-field wpforms-field-name\" data-field-id=\"2\"><fieldset><legend class=\"wpforms-field-label\">Name <span class=\"wpforms-required-label\" aria-hidden=\"true\">*<\/span><\/legend><div class=\"wpforms-field-row wpforms-field-medium\"><div class=\"wpforms-field-row-block wpforms-first wpforms-one-half\"><input type=\"text\" id=\"wpforms-267-field_2\" class=\"wpforms-field-name-first wpforms-field-required\" name=\"wpforms[fields][2][first]\" aria-errormessage=\"wpforms-267-field_2-error\" required><label for=\"wpforms-267-field_2\" class=\"wpforms-field-sublabel after\">Vorname<\/label><\/div><div class=\"wpforms-field-row-block wpforms-one-half\"><input type=\"text\" id=\"wpforms-267-field_2-last\" class=\"wpforms-field-name-last wpforms-field-required\" name=\"wpforms[fields][2][last]\" aria-errormessage=\"wpforms-267-field_2-last-error\" required><label for=\"wpforms-267-field_2-last\" class=\"wpforms-field-sublabel after\">Nachname<\/label><\/div><\/div><\/fieldset><\/div><div id=\"wpforms-267-field_3-container\" class=\"wpforms-field wpforms-field-email\" data-field-id=\"3\"><fieldset><legend class=\"wpforms-field-label\">E-Mail-Adresse <span class=\"wpforms-required-label\" aria-hidden=\"true\">*<\/span><\/legend><div class=\"wpforms-field-row wpforms-field-medium\"><div class=\"wpforms-field-row-block wpforms-one-half wpforms-first\"><input type=\"email\" id=\"wpforms-267-field_3\" class=\"wpforms-field-required wpforms-field-email-primary\" name=\"wpforms[fields][3][primary]\" spellcheck=\"false\" aria-errormessage=\"wpforms-267-field_3-error\" required><label for=\"wpforms-267-field_3\" class=\"wpforms-field-sublabel after\">E-Mail-Adresse<\/label><\/div><div class=\"wpforms-field-row-block wpforms-one-half\"><input type=\"email\" id=\"wpforms-267-field_3-secondary\" class=\"wpforms-field-email-secondary wpforms-field-required\" data-rule-confirm=\"#wpforms-267-field_3\" name=\"wpforms[fields][3][secondary]\" spellcheck=\"false\" aria-errormessage=\"wpforms-267-field_3-secondary-error\" required><label for=\"wpforms-267-field_3-secondary\" class=\"wpforms-field-sublabel after\">E-Mail best\u00e4tigen<\/label><\/div><\/div><\/fieldset><\/div><div id=\"wpforms-267-field_4-container\" class=\"wpforms-field wpforms-field-number\" data-field-id=\"4\"><label class=\"wpforms-field-label\" for=\"wpforms-267-field_4\">Alter <span class=\"wpforms-required-label\" aria-hidden=\"true\">*<\/span><\/label><input type=\"number\" id=\"wpforms-267-field_4\" class=\"wpforms-field-medium wpforms-field-required\" name=\"wpforms[fields][4]\" step=\"any\" aria-errormessage=\"wpforms-267-field_4-error\" aria-describedby=\"wpforms-267-field_4-description\" required><div id=\"wpforms-267-field_4-description\" class=\"wpforms-field-description\">Gib bitte Dein Alter ein<\/div><\/div><div id=\"wpforms-267-field_8-container\" class=\"wpforms-field wpforms-field-text\" data-field-id=\"8\"><label class=\"wpforms-field-label\" for=\"wpforms-267-field_8\">Telefon <span class=\"wpforms-required-label\" aria-hidden=\"true\">*<\/span><\/label><input type=\"text\" id=\"wpforms-267-field_8\" class=\"wpforms-field-medium wpforms-field-required\" name=\"wpforms[fields][8]\" aria-errormessage=\"wpforms-267-field_8-error\" aria-describedby=\"wpforms-267-field_8-description\" required><div id=\"wpforms-267-field_8-description\" class=\"wpforms-field-description\">Bitte gib hier Deine Telefon-Nummer ein. z.B. 07041\/1234567<\/div><\/div><div id=\"wpforms-267-field_5-container\" class=\"wpforms-field wpforms-field-select wpforms-field-select-style-classic\" data-field-id=\"5\"><label class=\"wpforms-field-label\" for=\"wpforms-267-field_5\">Instrument <span class=\"wpforms-required-label\" aria-hidden=\"true\">*<\/span><\/label><select id=\"wpforms-267-field_5\" class=\"wpforms-field-medium wpforms-field-required\" name=\"wpforms[fields][5]\" required=\"required\"><option value=\"Schlagzeug\"  class=\"choice-1 depth-1\"  >Schlagzeug<\/option><\/select><div id=\"wpforms-267-field_5-description\" class=\"wpforms-field-description\">W\u00e4hle bitte aus, welches Instrument gerne bei Michael Waidner erlernen m\u00f6chtest.<\/div><\/div><div id=\"wpforms-267-field_9-container\" class=\"wpforms-field wpforms-field-textarea\" data-field-id=\"9\"><label class=\"wpforms-field-label\" for=\"wpforms-267-field_9\">Anmerkung<\/label><textarea id=\"wpforms-267-field_9\" class=\"wpforms-field-medium\" name=\"wpforms[fields][9]\" aria-errormessage=\"wpforms-267-field_9-error\" aria-describedby=\"wpforms-267-field_9-description\" ><\/textarea><div id=\"wpforms-267-field_9-description\" class=\"wpforms-field-description\">Wenn Du uns noch etwas mitzuteilen hat, kannst Du Dich hier austoben.<\/div><\/div><\/div><!-- .wpforms-field-container --><div class=\"wpforms-recaptcha-container wpforms-is-hcaptcha\" ><div class=\"h-captcha\" data-sitekey=\"b2299610-4b92-41ae-9cd5-4b578cf19afe\"><\/div><input type=\"text\" name=\"g-recaptcha-hidden\" class=\"wpforms-recaptcha-hidden\" style=\"position:absolute!important;clip:rect(0,0,0,0)!important;height:1px!important;width:1px!important;border:0!important;overflow:hidden!important;padding:0!important;margin:0!important;\" data-rule-hcaptcha=\"1\"><\/div><div class=\"wpforms-submit-container\" ><input type=\"hidden\" name=\"wpforms[id]\" value=\"267\"><input type=\"hidden\" name=\"page_title\" value=\"\"><input type=\"hidden\" name=\"page_url\" value=\"https:\/\/musikpoint.eu\/index.php\/wp-json\/wp\/v2\/pages\/99\"><input type=\"hidden\" name=\"url_referer\" value=\"\"><button type=\"submit\" name=\"wpforms[submit]\" id=\"wpforms-submit-267\" class=\"wpforms-submit\" data-alt-text=\"Wird gesendet\u00a0\u2026\" data-submit-text=\"Absenden\" aria-live=\"assertive\" value=\"wpforms-submit\">Absenden<\/button><img loading=\"lazy\" decoding=\"async\" src=\"https:\/\/musikpoint.eu\/wp-content\/plugins\/wpforms-lite\/assets\/images\/submit-spin.svg\" class=\"wpforms-submit-spinner\" style=\"display: none;\" width=\"26\" height=\"26\" alt=\"Wird geladen\"><\/div><\/form><\/div>  <!-- .wpforms-container -->\n","protected":false},"excerpt":{"rendered":"<p>Meine ersten Erfahrungen am Schlagzeug und diversen anderen Schlaginstrumenten sammelte ich in einem Schalmeienchor als \u201ePauker\u201c.Die Vielfalt des Schlagzeugs faszinierte mich, ich nahm professionellen Schlagzeugunterricht und sammelte Banderfahrungen.Bis heute begleitet mich diese Leidenschaft, die ich gerne weitergeben m\u00f6chte.Seit 2022 unterrichte ich Kinder und Jugendliche am Schlagzeug.In meinen Sessions m\u00f6chte ich Rhythmus- und Taktgef\u00fchl, Koordination, Technik [&hellip;]<\/p>\n","protected":false},"author":1,"featured_media":0,"parent":52,"menu_order":10,"comment_status":"closed","ping_status":"closed","template":"","meta":{"footnotes":""},"class_list":["post-99","page","type-page","status-publish","hentry","wpbf-post"],"_links":{"self":[{"href":"https:\/\/musikpoint.eu\/index.php\/wp-json\/wp\/v2\/pages\/99","targetHints":{"allow":["GET"]}}],"collection":[{"href":"https:\/\/musikpoint.eu\/index.php\/wp-json\/wp\/v2\/pages"}],"about":[{"href":"https:\/\/musikpoint.eu\/index.php\/wp-json\/wp\/v2\/types\/page"}],"author":[{"embeddable":true,"href":"https:\/\/musikpoint.eu\/index.php\/wp-json\/wp\/v2\/users\/1"}],"replies":[{"embeddable":true,"href":"https:\/\/musikpoint.eu\/index.php\/wp-json\/wp\/v2\/comments?post=99"}],"version-history":[{"count":4,"href":"https:\/\/musikpoint.eu\/index.php\/wp-json\/wp\/v2\/pages\/99\/revisions"}],"predecessor-version":[{"id":272,"href":"https:\/\/musikpoint.eu\/index.php\/wp-json\/wp\/v2\/pages\/99\/revisions\/272"}],"up":[{"embeddable":true,"href":"https:\/\/musikpoint.eu\/index.php\/wp-json\/wp\/v2\/pages\/52"}],"wp:attachment":[{"href":"https:\/\/musikpoint.eu\/index.php\/wp-json\/wp\/v2\/media?parent=99"}],"curies":[{"name":"wp","href":"https:\/\/api.w.org\/{rel}","templated":true}]}}