{"id":54,"date":"2023-12-11T19:12:38","date_gmt":"2023-12-11T19:12:38","guid":{"rendered":"https:\/\/musikpoint.eu\/?page_id=54"},"modified":"2024-12-09T18:27:12","modified_gmt":"2024-12-09T18:27:12","slug":"martin-kuhnle","status":"publish","type":"page","link":"https:\/\/musikpoint.eu\/index.php\/musikschule-2\/unsere-lehrer\/martin-kuhnle\/","title":{"rendered":"Martin Kuhnle"},"content":{"rendered":"\n<div class=\"wp-block-media-text is-stacked-on-mobile is-vertically-aligned-top\" style=\"grid-template-columns:20% auto\"><figure class=\"wp-block-media-text__media\"><img loading=\"lazy\" decoding=\"async\" width=\"166\" height=\"167\" src=\"https:\/\/musikpoint.eu\/wp-content\/uploads\/2023\/12\/Martin_Kuhnle.jpg\" alt=\"Martin Kuhnle\" class=\"wp-image-58 size-full\" srcset=\"https:\/\/musikpoint.eu\/wp-content\/uploads\/2023\/12\/Martin_Kuhnle.jpg 166w, https:\/\/musikpoint.eu\/wp-content\/uploads\/2023\/12\/Martin_Kuhnle-150x150.jpg 150w\" sizes=\"auto, (max-width: 166px) 100vw, 166px\" \/><\/figure><div class=\"wp-block-media-text__content\">\n<p><strong>Instrument\/e und Ausbildung:<\/strong><br>Fundierte Ausbildungen in Gitarre, E-Gitarre, Bass, Ukulele, Banjo, Mandoline, Fl\u00f6te<br>Allgemeine Musiktheorie<br><br>Durch seine lockere ungezwungene Art lehrte Martin Kuhnle bereits vielen Kindern, Jugendlichen, Erwachsenen sowie auch der etwas \u00e4lteren Generation das Gitarrenspiel.<br>Sein Stundenplan ist derzeit so ausgebucht, dass es \u00e4u\u00dferst schwierig ist, einen Unterrichtsplatz in seinen Reihen zu bekommen.<br><br><strong>Lebenslauf\/Werdegang:<\/strong><\/p>\n\n\n\n<p>Fundierte musikalische Ausbildung in Gitarre und Musiktheorie<br><br><strong>Fr\u00fchere Bands:<\/strong><br>\u25baEngpass<br>\u25baHolidays (Mitbegr\u00fcnder)<br>\u25baDie Stromberger&nbsp;&nbsp;(Gr\u00fcndungsmitglied)<br>\u25bamilesTone Pop- Rock, Coverband (Gr\u00fcnder 1998 &#8211; 2006)<br>\u25baCar&#8217;Ma Gitarrenduo<br>\u25baSven B. and friends<br>\u25baH\u00fcttenzauber<\/p>\n<\/div><\/div>\n\n\n\n<p><strong>Kontakt<\/strong><\/p>\n\n\n\n<p>Mit diesem Formular kannst Du dich mit Martin Kuhnle in Verbindung setzen, damit Du mit ihm eine Probestunde vereinbaren kannst. Vergiss bitte nicht Deine Email-Adresse und Telefonnummer einzutragen.<\/p>\n\n\n<style id=\"wpforms-css-vars-231\">\n\t\t\t\t#wpforms-231 {\n\t\t\t\t\n\t\t\t}\n\t\t\t<\/style><div class=\"wpforms-container wpforms-container-full wpforms-render-modern\" id=\"wpforms-231\"><form id=\"wpforms-form-231\" class=\"wpforms-validate wpforms-form wpforms-ajax-form\" data-formid=\"231\" method=\"post\" enctype=\"multipart\/form-data\" action=\"\/index.php\/wp-json\/wp\/v2\/pages\/54\" data-token=\"e333aaec09ac12afeeead598a87b8b5e\" data-token-time=\"1776679530\"><noscript class=\"wpforms-error-noscript\">Bitte aktiviere JavaScript in deinem Browser, um dieses Formular fertigzustellen.<\/noscript><div id=\"wpforms-error-noscript\" style=\"display: none;\">Bitte aktiviere JavaScript in deinem Browser, um dieses Formular fertigzustellen.<\/div><div class=\"wpforms-field-container\"><div id=\"wpforms-231-field_2-container\" class=\"wpforms-field wpforms-field-name\" data-field-id=\"2\"><fieldset><legend class=\"wpforms-field-label\">Name <span class=\"wpforms-required-label\" aria-hidden=\"true\">*<\/span><\/legend><div class=\"wpforms-field-row wpforms-field-medium\"><div class=\"wpforms-field-row-block wpforms-first wpforms-one-half\"><input type=\"text\" id=\"wpforms-231-field_2\" class=\"wpforms-field-name-first wpforms-field-required\" name=\"wpforms[fields][2][first]\" aria-errormessage=\"wpforms-231-field_2-error\" required><label for=\"wpforms-231-field_2\" class=\"wpforms-field-sublabel after\">Vorname<\/label><\/div><div class=\"wpforms-field-row-block wpforms-one-half\"><input type=\"text\" id=\"wpforms-231-field_2-last\" class=\"wpforms-field-name-last wpforms-field-required\" name=\"wpforms[fields][2][last]\" aria-errormessage=\"wpforms-231-field_2-last-error\" required><label for=\"wpforms-231-field_2-last\" class=\"wpforms-field-sublabel after\">Nachname<\/label><\/div><\/div><\/fieldset><\/div><div id=\"wpforms-231-field_3-container\" class=\"wpforms-field wpforms-field-email\" data-field-id=\"3\"><fieldset><legend class=\"wpforms-field-label\">E-Mail-Adresse <span class=\"wpforms-required-label\" aria-hidden=\"true\">*<\/span><\/legend><div class=\"wpforms-field-row wpforms-field-medium\"><div class=\"wpforms-field-row-block wpforms-one-half wpforms-first\"><input type=\"email\" id=\"wpforms-231-field_3\" class=\"wpforms-field-required wpforms-field-email-primary\" name=\"wpforms[fields][3][primary]\" spellcheck=\"false\" aria-errormessage=\"wpforms-231-field_3-error\" required><label for=\"wpforms-231-field_3\" class=\"wpforms-field-sublabel after\">E-Mail-Adresse<\/label><\/div><div class=\"wpforms-field-row-block wpforms-one-half\"><input type=\"email\" id=\"wpforms-231-field_3-secondary\" class=\"wpforms-field-email-secondary wpforms-field-required\" data-rule-confirm=\"#wpforms-231-field_3\" name=\"wpforms[fields][3][secondary]\" spellcheck=\"false\" aria-errormessage=\"wpforms-231-field_3-secondary-error\" required><label for=\"wpforms-231-field_3-secondary\" class=\"wpforms-field-sublabel after\">E-Mail best\u00e4tigen<\/label><\/div><\/div><\/fieldset><\/div><div id=\"wpforms-231-field_4-container\" class=\"wpforms-field wpforms-field-number\" data-field-id=\"4\"><label class=\"wpforms-field-label\" for=\"wpforms-231-field_4\">Alter <span class=\"wpforms-required-label\" aria-hidden=\"true\">*<\/span><\/label><input type=\"number\" id=\"wpforms-231-field_4\" class=\"wpforms-field-medium wpforms-field-required\" name=\"wpforms[fields][4]\" step=\"any\" aria-errormessage=\"wpforms-231-field_4-error\" aria-describedby=\"wpforms-231-field_4-description\" required><div id=\"wpforms-231-field_4-description\" class=\"wpforms-field-description\">Gib bitte Dein Alter ein<\/div><\/div><div id=\"wpforms-231-field_8-container\" class=\"wpforms-field wpforms-field-text\" data-field-id=\"8\"><label class=\"wpforms-field-label\" for=\"wpforms-231-field_8\">Telefon <span class=\"wpforms-required-label\" aria-hidden=\"true\">*<\/span><\/label><input type=\"text\" id=\"wpforms-231-field_8\" class=\"wpforms-field-medium wpforms-field-required\" name=\"wpforms[fields][8]\" aria-errormessage=\"wpforms-231-field_8-error\" aria-describedby=\"wpforms-231-field_8-description\" required><div id=\"wpforms-231-field_8-description\" class=\"wpforms-field-description\">Bitte gib hier Deine Telefon-Nummer ein. z.B. 07041\/1234567<\/div><\/div><div id=\"wpforms-231-field_5-container\" class=\"wpforms-field wpforms-field-select wpforms-field-select-style-classic\" data-field-id=\"5\"><label class=\"wpforms-field-label\" for=\"wpforms-231-field_5\">Instrument <span class=\"wpforms-required-label\" aria-hidden=\"true\">*<\/span><\/label><select id=\"wpforms-231-field_5\" class=\"wpforms-field-medium wpforms-field-required\" name=\"wpforms[fields][5]\" required=\"required\"><option value=\"Konzert-Gitarre\"  class=\"choice-1 depth-1\"  >Konzert-Gitarre<\/option><option value=\"E-Gitarre\"  class=\"choice-2 depth-1\"  >E-Gitarre<\/option><option value=\"Bass\"  class=\"choice-3 depth-1\"  >Bass<\/option><option value=\"Ukulele\"  class=\"choice-4 depth-1\"  >Ukulele<\/option><option value=\"Manoline\"  class=\"choice-5 depth-1\"  >Manoline<\/option><option value=\"Fl\u00f6te\"  class=\"choice-6 depth-1\"  >Fl\u00f6te<\/option><\/select><div id=\"wpforms-231-field_5-description\" class=\"wpforms-field-description\">W\u00e4hle bitte aus, welches Instrument gerne bei Martin Kuhnle erlernen m\u00f6chtest.<\/div><\/div><div id=\"wpforms-231-field_9-container\" class=\"wpforms-field wpforms-field-textarea\" data-field-id=\"9\"><label class=\"wpforms-field-label\" for=\"wpforms-231-field_9\">Anmerkung<\/label><textarea id=\"wpforms-231-field_9\" class=\"wpforms-field-medium\" name=\"wpforms[fields][9]\" aria-errormessage=\"wpforms-231-field_9-error\" aria-describedby=\"wpforms-231-field_9-description\" ><\/textarea><div id=\"wpforms-231-field_9-description\" class=\"wpforms-field-description\">Wenn Du uns noch etwas mitzuteilen hat, kannst Du Dich hier austoben.<\/div><\/div><\/div><!-- .wpforms-field-container --><div class=\"wpforms-recaptcha-container wpforms-is-hcaptcha\" ><div class=\"h-captcha\" data-sitekey=\"b2299610-4b92-41ae-9cd5-4b578cf19afe\"><\/div><input type=\"text\" name=\"g-recaptcha-hidden\" class=\"wpforms-recaptcha-hidden\" style=\"position:absolute!important;clip:rect(0,0,0,0)!important;height:1px!important;width:1px!important;border:0!important;overflow:hidden!important;padding:0!important;margin:0!important;\" data-rule-hcaptcha=\"1\"><\/div><div class=\"wpforms-submit-container\" ><input type=\"hidden\" name=\"wpforms[id]\" value=\"231\"><input type=\"hidden\" name=\"page_title\" value=\"\"><input type=\"hidden\" name=\"page_url\" value=\"https:\/\/musikpoint.eu\/index.php\/wp-json\/wp\/v2\/pages\/54\"><input type=\"hidden\" name=\"url_referer\" value=\"\"><button type=\"submit\" name=\"wpforms[submit]\" id=\"wpforms-submit-231\" class=\"wpforms-submit\" data-alt-text=\"Wird gesendet\u00a0\u2026\" data-submit-text=\"Absenden\" aria-live=\"assertive\" value=\"wpforms-submit\">Absenden<\/button><img loading=\"lazy\" decoding=\"async\" src=\"https:\/\/musikpoint.eu\/wp-content\/plugins\/wpforms-lite\/assets\/images\/submit-spin.svg\" class=\"wpforms-submit-spinner\" style=\"display: none;\" width=\"26\" height=\"26\" alt=\"Wird geladen\"><\/div><\/form><\/div>  <!-- .wpforms-container -->\n","protected":false},"excerpt":{"rendered":"<p>Instrument\/e und Ausbildung:Fundierte Ausbildungen in Gitarre, E-Gitarre, Bass, Ukulele, Banjo, Mandoline, Fl\u00f6teAllgemeine Musiktheorie Durch seine lockere ungezwungene Art lehrte Martin Kuhnle bereits vielen Kindern, Jugendlichen, Erwachsenen sowie auch der etwas \u00e4lteren Generation das Gitarrenspiel.Sein Stundenplan ist derzeit so ausgebucht, dass es \u00e4u\u00dferst schwierig ist, einen Unterrichtsplatz in seinen Reihen zu bekommen. Lebenslauf\/Werdegang: Fundierte musikalische Ausbildung [&hellip;]<\/p>\n","protected":false},"author":1,"featured_media":0,"parent":52,"menu_order":1,"comment_status":"closed","ping_status":"closed","template":"","meta":{"footnotes":""},"class_list":["post-54","page","type-page","status-publish","hentry","wpbf-post"],"_links":{"self":[{"href":"https:\/\/musikpoint.eu\/index.php\/wp-json\/wp\/v2\/pages\/54","targetHints":{"allow":["GET"]}}],"collection":[{"href":"https:\/\/musikpoint.eu\/index.php\/wp-json\/wp\/v2\/pages"}],"about":[{"href":"https:\/\/musikpoint.eu\/index.php\/wp-json\/wp\/v2\/types\/page"}],"author":[{"embeddable":true,"href":"https:\/\/musikpoint.eu\/index.php\/wp-json\/wp\/v2\/users\/1"}],"replies":[{"embeddable":true,"href":"https:\/\/musikpoint.eu\/index.php\/wp-json\/wp\/v2\/comments?post=54"}],"version-history":[{"count":9,"href":"https:\/\/musikpoint.eu\/index.php\/wp-json\/wp\/v2\/pages\/54\/revisions"}],"predecessor-version":[{"id":341,"href":"https:\/\/musikpoint.eu\/index.php\/wp-json\/wp\/v2\/pages\/54\/revisions\/341"}],"up":[{"embeddable":true,"href":"https:\/\/musikpoint.eu\/index.php\/wp-json\/wp\/v2\/pages\/52"}],"wp:attachment":[{"href":"https:\/\/musikpoint.eu\/index.php\/wp-json\/wp\/v2\/media?parent=54"}],"curies":[{"name":"wp","href":"https:\/\/api.w.org\/{rel}","templated":true}]}}