{"id":36,"date":"2023-12-11T18:06:52","date_gmt":"2023-12-11T18:06:52","guid":{"rendered":"https:\/\/musikpoint.eu\/?page_id=36"},"modified":"2026-03-27T06:51:35","modified_gmt":"2026-03-27T06:51:35","slug":"herzlich-willkommen","status":"publish","type":"page","link":"https:\/\/musikpoint.eu\/","title":{"rendered":"Herzlich willkommen"},"content":{"rendered":"\n<p>in der Musikschule <\/p>\n\n\n\n<div class=\"wp-block-columns is-layout-flex wp-container-core-columns-is-layout-28f84493 wp-block-columns-is-layout-flex\">\n<div class=\"wp-block-column is-layout-flow wp-block-column-is-layout-flow\">\n<div class=\"wp-block-media-text is-stacked-on-mobile is-vertically-aligned-top\" style=\"grid-template-columns:22% auto\"><figure class=\"wp-block-media-text__media\"><img loading=\"lazy\" decoding=\"async\" width=\"230\" height=\"479\" src=\"https:\/\/musikpoint.eu\/wp-content\/uploads\/2024\/05\/Logo.jpg\" alt=\"Logo - Musikpoint\" class=\"wp-image-202 size-full\" srcset=\"https:\/\/musikpoint.eu\/wp-content\/uploads\/2024\/05\/Logo.jpg 230w, https:\/\/musikpoint.eu\/wp-content\/uploads\/2024\/05\/Logo-144x300.jpg 144w\" sizes=\"auto, (max-width: 230px) 100vw, 230px\" \/><\/figure><div class=\"wp-block-media-text__content\">\n<p>Ob Kind, Mama, Papa, Oma oder Opa &#8211; hier findet jede Generation, dass richtige Instrument und den richtigen Lehrer &#8211; denn es ist nie zu fr\u00fch und nie zu sp\u00e4t ein Instrument zu erlernen.<br>Vereinbaren Sie doch einfach einen kostenlosen Probetermin und \u00fcberzeugen sie sich selbst.<br>Wir freuen uns darauf, Sie und Ihre Familie kennenzulernen.<\/p>\n\n\n\n<p>Unter dem Namen &#8222;Martins Musikschule&#8220; haben wir 1987 angefangen. Ge\u00e4ndert hat sich nicht nur der Name der Musikschule &#8222;Musikpoint&#8220;, auch der Standort wurde verlegt auf ein neues modernes Geb\u00e4ude mit zahlreichen Unterrichtszimmern und einem Veranstaltungsraum. Geblieben ist aber unsere Leidenschaft zur Musik &#8211; und das m\u00f6chten wir Dir gerne weiter geben.<\/p>\n<\/div><\/div>\n<\/div>\n\n\n\n<div class=\"wp-block-column is-layout-flow wp-block-column-is-layout-flow\">\n<figure class=\"wp-block-image size-full\"><img loading=\"lazy\" decoding=\"async\" width=\"563\" height=\"402\" src=\"https:\/\/musikpoint.eu\/wp-content\/uploads\/2023\/11\/musikschule.png\" alt=\"\" class=\"wp-image-6\" srcset=\"https:\/\/musikpoint.eu\/wp-content\/uploads\/2023\/11\/musikschule.png 563w, https:\/\/musikpoint.eu\/wp-content\/uploads\/2023\/11\/musikschule-300x214.png 300w\" sizes=\"auto, (max-width: 563px) 100vw, 563px\" \/><\/figure>\n<\/div>\n<\/div>\n\n\n\n<p><\/p>\n\n\n\n<div class=\"wp-block-columns is-layout-flex wp-container-core-columns-is-layout-28f84493 wp-block-columns-is-layout-flex\">\n<div class=\"wp-block-column is-layout-flow wp-block-column-is-layout-flow\">Receive our newsletters<script type=\"text\/javascript\">\n                window.addEventListener('DOMContentLoaded', (event) => {\nacymModule['excludeValuesformAcym82531'] = [];\nacymModule[\"excludeValuesformAcym82531\"][\"2\"] = \"E-Mail\";  });\n                <\/script>\t<div class=\"acym_module \" id=\"acym_module_formAcym82531\">\n\t\t<div class=\"acym_fulldiv\" id=\"acym_fulldiv_formAcym82531\" >\n\t\t\t<form enctype=\"multipart\/form-data\"\n\t\t\t\t  id=\"formAcym82531\"\n\t\t\t\t  name=\"formAcym82531\"\n\t\t\t\t  method=\"POST\"\n\t\t\t\t  action=\"https:\/\/musikpoint.eu\/index.php?page=acymailing_front&amp;ctrl=frontusers&amp;noheader=1\"\n\t\t\t\t  onsubmit=\"return submitAcymForm('subscribe','formAcym82531')\">\n\t\t\t\t<div class=\"acym_module_form\">\n                    \n<div class=\"acym_form\">\n    <div class=\"onefield fieldacy2 acyfield_text\" id=\"field_2\"><input autocomplete=\"email\" id=\"email_field_109\"  name=\"user[email]\" placeholder=\"E-Mail\" aria-label=\"E-Mail\" value=\"\" data-authorized-content=\"{&quot;0&quot;:&quot;all&quot;,&quot;regex&quot;:&quot;&quot;,&quot;message&quot;:&quot;Falscher Wert f\\u00fcr das Feld E-Mail&quot;}\" required type=\"email\" class=\"cell acym__user__edit__email\"><div class=\"acym__field__error__block\" data-acym-field-id=\"2\"><\/div><\/div><\/div>\n\n<p class=\"acysubbuttons\">\n\t<noscript>\n        Bitte das Javascript  aktivieren, um dieses Formular einzureichen\t<\/noscript>\n    \t<button type=\"submit\"\n\t\t\tclass=\"btn btn-primary button subbutton\"\n\t\t\tonclick=\"try{ return submitAcymForm(&quot;subscribe&quot;,&quot;formAcym82531&quot;, &quot;acymSubmitSubForm&quot;); }catch(err){alert(&quot;The form could not be submitted &quot;+err);return false;}\">\n        Abonnieren\t<\/button>\n    <\/p>\n\t\t\t\t<\/div>\n\n\t\t\t\t<input type=\"hidden\" name=\"ctrl\" value=\"frontusers\" \/>\n\t\t\t\t<input type=\"hidden\" name=\"task\" value=\"notask\" \/>\n\t\t\t\t<input type=\"hidden\" name=\"option\" value=\"acymailing\" \/>\n\n                \t\t\t\t<input type=\"hidden\" name=\"ajax\" value=\"1\" \/>\n\t\t\t\t<input type=\"hidden\" name=\"successmode\" value=\"replace\" \/>\n\t\t\t\t<input type=\"hidden\" name=\"acy_source\" value=\"gutenberg_subscription_form\" \/>\n\t\t\t\t<input type=\"hidden\" name=\"hiddenlists\" value=\"3\" \/>\n\t\t\t\t<input type=\"hidden\" name=\"acyformname\" value=\"formAcym82531\" \/>\n\t\t\t\t<input type=\"hidden\" name=\"acysubmode\" value=\"widget_acym\" \/>\n\t\t\t\t<input type=\"hidden\" name=\"confirmation_message\" value=\"\" \/>\n\n                \t\t\t<\/form>\n\t\t<\/div>\n\t<\/div>\n    <\/div>\n\n\n\n<div class=\"wp-block-column is-layout-flow wp-block-column-is-layout-flow\"><\/div>\n<\/div>\n\n\n\n<div class=\"wp-block-query is-layout-flow wp-block-query-is-layout-flow\"><ul class=\"columns-3 wp-block-post-template is-layout-grid wp-container-core-post-template-is-layout-6d3fbd8f wp-block-post-template-is-layout-grid\"><li class=\"wp-block-post post-775 post type-post status-publish format-standard hentry category-news wpbf-post\">\n\n<div class=\"wp-block-group is-layout-flow wp-block-group-is-layout-flow\" style=\"padding-top:30px;padding-right:30px;padding-bottom:30px;padding-left:30px\"><h2 class=\"wp-block-post-title\"><a href=\"https:\/\/musikpoint.eu\/index.php\/2026\/04\/02\/weitere-inhalte\/\" target=\"_self\" >Weitere Inhalte<\/a><\/h2>\n\n<div class=\"wp-block-post-excerpt\"><p class=\"wp-block-post-excerpt__excerpt\">Nun sind wir fast am Ende angekommen. Die B\u00fccher sind alles samt eingepflegt, auch die Musikb\u00fccher sind \u00fcberarbeitet.Jetzt sind auch die Inhalte der Medien-Ver\u00f6ffentlichungen und die Veranstaltungen hinzu gekommen. <\/p><\/div>\n\n\n<p><strong>Aktualisiert:<\/strong><\/p>\n\n\n<div class=\"wp-block-post-date__modified-date wp-block-post-date\"><time datetime=\"2026-04-02T07:13:57+00:00\">April 2, 2026<\/time><\/div><\/div>\n\n<\/li><li class=\"wp-block-post post-550 post type-post status-publish format-standard hentry category-news wpbf-post\">\n\n<div class=\"wp-block-group is-layout-flow wp-block-group-is-layout-flow\" style=\"padding-top:30px;padding-right:30px;padding-bottom:30px;padding-left:30px\"><h2 class=\"wp-block-post-title\"><a href=\"https:\/\/musikpoint.eu\/index.php\/2026\/03\/29\/wanderbuecher\/\" target=\"_self\" >Wanderb\u00fccher<\/a><\/h2>\n\n<div class=\"wp-block-post-excerpt\"><p class=\"wp-block-post-excerpt__excerpt\">Nun ist auch die zweite Rubrik gut gef\u00fcllt. Hinzugekommen sind jetzt die Wanderb\u00fccher &#8218;Fernwanderwege Schwarzwald&#8216;, &#8218;Nationalpark Schwarzwald&#8216;, &#8218;Premiumwandern Schw\u00e4bische Alb und Hegau&#8216;, sowie &#8218;Schw\u00e4bische Alb L\u00f6wenpfade und hochgebirge&#8216;. Das letztere ist auch wieder mit einer Vielzahl von Videos best\u00fcckt. Schaut einfach mal rein&#8230; <\/p><\/div>\n\n\n<p><strong>Aktualisiert:<\/strong><\/p>\n\n\n<div class=\"wp-block-post-date__modified-date wp-block-post-date\"><time datetime=\"2026-03-29T12:00:00+00:00\">M\u00e4rz 29, 2026<\/time><\/div><\/div>\n\n<\/li><li class=\"wp-block-post post-485 post type-post status-publish format-standard hentry category-news wpbf-post\">\n\n<div class=\"wp-block-group is-layout-flow wp-block-group-is-layout-flow\" style=\"padding-top:30px;padding-right:30px;padding-bottom:30px;padding-left:30px\"><h2 class=\"wp-block-post-title\"><a href=\"https:\/\/musikpoint.eu\/index.php\/2026\/03\/27\/wandern-fuer-die-seele\/\" target=\"_self\" >Wandern f\u00fcr die Seele<\/a><\/h2>\n\n<div class=\"wp-block-post-excerpt\"><p class=\"wp-block-post-excerpt__excerpt\">So langsam nimmt die Erstellung der Homepage wieder Fahrt auf. noch ist die offizielle Seite unter www.cmpoint.de erreichbar. Aber Ihr k\u00f6nnt unser tun schon mal ein klein Wenig mitverfolgen. Es sind nun Seiten entstanden, die Ihr unter der Rubrik B\u00fccher &#8211; Wanderb\u00fccher findet. Dort wiederum findet Ihr in der Rubrik &#8218;Wandern f\u00fcr die Seele&#8218; schon&hellip; <\/p><\/div>\n\n\n<p><strong>Aktualisiert:<\/strong><\/p>\n\n\n<div class=\"wp-block-post-date__modified-date wp-block-post-date\"><time datetime=\"2026-03-27T08:09:35+00:00\">M\u00e4rz 27, 2026<\/time><\/div><\/div>\n\n<\/li><li class=\"wp-block-post post-9 post type-post status-publish format-standard hentry category-news wpbf-post\">\n\n<div class=\"wp-block-group is-layout-flow wp-block-group-is-layout-flow\" style=\"padding-top:30px;padding-right:30px;padding-bottom:30px;padding-left:30px\"><h2 class=\"wp-block-post-title\"><a href=\"https:\/\/musikpoint.eu\/index.php\/2023\/11\/20\/neue-homepage\/\" target=\"_self\" >Neue Homepage<\/a><\/h2>\n\n<div class=\"wp-block-post-excerpt\"><p class=\"wp-block-post-excerpt__excerpt\">Noch ist die Homepage nicht offiziell in Betrieb. Aber die aktuellsten Eintr\u00e4ge k\u00f6nnt Ihr schon mal hier einsehen. Im Speziellen die Wanderb\u00fccher. Spoiler-Alarm: Damit die Zeit schneller vergeht, schaut Euch einfach mal die Wander-Videos an. <\/p><\/div>\n\n\n<p><strong>Aktualisiert:<\/strong><\/p>\n\n\n<div class=\"wp-block-post-date__modified-date wp-block-post-date\"><time datetime=\"2023-11-20T18:19:16+00:00\">November 20, 2023<\/time><\/div><\/div>\n\n<\/li><\/ul><\/div>\n\n\n\n<p><\/p>\n","protected":false},"excerpt":{"rendered":"<p>in der Musikschule Ob Kind, Mama, Papa, Oma oder Opa &#8211; hier findet jede Generation, dass richtige Instrument und den richtigen Lehrer &#8211; denn es ist nie zu fr\u00fch und nie zu sp\u00e4t ein Instrument zu erlernen.Vereinbaren Sie doch einfach einen kostenlosen Probetermin und \u00fcberzeugen sie sich selbst.Wir freuen uns darauf, Sie und Ihre Familie [&hellip;]<\/p>\n","protected":false},"author":1,"featured_media":0,"parent":0,"menu_order":0,"comment_status":"closed","ping_status":"closed","template":"","meta":{"footnotes":""},"class_list":["post-36","page","type-page","status-publish","hentry","wpbf-post"],"_links":{"self":[{"href":"https:\/\/musikpoint.eu\/index.php\/wp-json\/wp\/v2\/pages\/36","targetHints":{"allow":["GET"]}}],"collection":[{"href":"https:\/\/musikpoint.eu\/index.php\/wp-json\/wp\/v2\/pages"}],"about":[{"href":"https:\/\/musikpoint.eu\/index.php\/wp-json\/wp\/v2\/types\/page"}],"author":[{"embeddable":true,"href":"https:\/\/musikpoint.eu\/index.php\/wp-json\/wp\/v2\/users\/1"}],"replies":[{"embeddable":true,"href":"https:\/\/musikpoint.eu\/index.php\/wp-json\/wp\/v2\/comments?post=36"}],"version-history":[{"count":12,"href":"https:\/\/musikpoint.eu\/index.php\/wp-json\/wp\/v2\/pages\/36\/revisions"}],"predecessor-version":[{"id":462,"href":"https:\/\/musikpoint.eu\/index.php\/wp-json\/wp\/v2\/pages\/36\/revisions\/462"}],"wp:attachment":[{"href":"https:\/\/musikpoint.eu\/index.php\/wp-json\/wp\/v2\/media?parent=36"}],"curies":[{"name":"wp","href":"https:\/\/api.w.org\/{rel}","templated":true}]}}