{"id":153,"date":"2024-01-22T18:12:44","date_gmt":"2024-01-22T18:12:44","guid":{"rendered":"https:\/\/musikpoint.eu\/?page_id=153"},"modified":"2026-04-01T07:56:54","modified_gmt":"2026-04-01T07:56:54","slug":"kids-lagerfeuer-gitarre","status":"publish","type":"page","link":"https:\/\/musikpoint.eu\/index.php\/buecher\/lagerfgeuer-gitarre\/kids-lagerfeuer-gitarre\/","title":{"rendered":"Kids Lagerfeuer-Gitarre"},"content":{"rendered":"\n<div class=\"wp-block-media-text is-stacked-on-mobile is-vertically-aligned-top\" style=\"grid-template-columns:26% auto\"><figure class=\"wp-block-media-text__media\"><img loading=\"lazy\" decoding=\"async\" width=\"406\" height=\"575\" src=\"https:\/\/musikpoint.eu\/wp-content\/uploads\/2026\/04\/Kids_Lagerfeuer-Gitarre.jpg\" alt=\"\" class=\"wp-image-748 size-full\" srcset=\"https:\/\/musikpoint.eu\/wp-content\/uploads\/2026\/04\/Kids_Lagerfeuer-Gitarre.jpg 406w, https:\/\/musikpoint.eu\/wp-content\/uploads\/2026\/04\/Kids_Lagerfeuer-Gitarre-212x300.jpg 212w\" sizes=\"auto, (max-width: 406px) 100vw, 406px\" \/><\/figure><div class=\"wp-block-media-text__content\">\n<p><strong>Die sch\u00f6nsten Kinderlieder begleiten. Leichtes Akkordspiel mit und ohne Noten. <\/strong><strong>Band 1.<\/strong><\/p>\n\n\n\n<p><a><\/a> Mit QR-Codes zum Streamen der Tonaufnahmen der meisten Lieder. Dieses Lehrbuch ist ideal geeignet f\u00fcr den Einsatz im Musikunterricht in Musikschulen. Mit der KIDS-Lagerfeuergitarre lernen die jungen Gitarristen Schritt f\u00fcr Schritt und mit kontinuierlichem Aufbau, die sch\u00f6nsten Kinderlieder \u2013 alt vertraute, aber auch aktuelle \u2013 oft nur mit zwei oder drei Akkor\u00adden zu begleiten. Dabei brauchen Sie keine Noten, sondern spielen nach Griffbildern und Akkordsymbolen. Trotzdem werden nach und nach die wichtigsten Akkorde wie G, D, Am, A, E, Em, C sowie Schlag- und Zupfmu\u00adster erlernt. Die Melodien sind auch in Noten dargestellt, so dass gemeinsam gesungen oder zusammen mit anderen Instrumenten musiziert werden kann. Die anfangs leicht spielbaren St\u00fccke sorgen f\u00fcr das notwendige Erfolgserlebnis und Schritt f\u00fcr Schritt steigert sich der Schwierigkeitsgrad. Dieses Unterrichtswerk ist zudem optimal geeignet zum Einsatz in Kindertagesst\u00e4tten oder als Lehrbuch f\u00fcr Erzieher\/innen. Eine Kinderlieder-Sammlung, die einfach nur Spa\u00df macht! Inhalt: Alle meine Entchen &#8211; Alle V\u00f6gel sind schon da &#8211; Auf der Mauer, auf der Lauer &#8211; Bruder Jakob &#8211; Der Kuckuck und der Esel &#8211; Wir fahren in den Zoo &#8211; Der Mond ist aufgegangen &#8211; Die Affen rasen durch den Wald &#8211; Die Biene Maja &#8211; Die Reise der Sonne &#8211; Die Tiroler sind lustig &#8211; Die Vogelhochzeit &#8211; Ein M\u00e4nnlein steht im Walde &#8211; Ein Mann, der sich Kolumbus nannt &#8211; Es tanzt ein Bi-B-Butzemann &#8211; Hab ne Tante aus Marokko &#8211; Happy Birthday to You &#8211; Hatschi-Lied &#8211; Heidi &#8211; Hundertzwei Gespensterchen &#8211; Kein sch\u00f6ner Land &#8211; Kommt ein Vogel geflogen &#8211; Kuckuck, ruft\u2018s aus dem Wald &#8211; Laterne, Laterne &#8211; Meine Oma f\u00e4hrt im H\u00fchnerstall Motorrad &#8211; Morgens fr\u00fch um sechs &#8211; O, du lieber Augustin &#8211; Old Mac Donald Had a Farm &#8211; Pinocchio &#8211; Pippi Langstrumpf &#8211; Schlaf, Kindlein, schlaf &#8211; So a sch\u00f6ner Tag &#8211; Summ, summ, summ &#8211; Suse, liebe Suse &#8211; Was m\u00fcssen das f\u00fcr B\u00e4ume sein &#8211; Wei\u00dft du, wie viel Sternlein stehen? &#8211; Wer will flei\u00dfige Handwerker sehn? &#8211; Winter ade u.v.m.<\/p>\n\n\n\n<div class=\"wp-block-buttons is-layout-flex wp-block-buttons-is-layout-flex\">\n<div class=\"wp-block-button\"><a class=\"wp-block-button__link wp-element-button\" href=\"https:\/\/musikpoint.eu\/index.php\/lagerfgeuer-gitarre\/\">Zur\u00fcck<\/a><\/div>\n<\/div>\n<\/div><\/div>\n","protected":false},"excerpt":{"rendered":"","protected":false},"author":1,"featured_media":0,"parent":146,"menu_order":2,"comment_status":"closed","ping_status":"closed","template":"","meta":{"footnotes":""},"class_list":["post-153","page","type-page","status-publish","hentry","wpbf-post"],"_links":{"self":[{"href":"https:\/\/musikpoint.eu\/index.php\/wp-json\/wp\/v2\/pages\/153","targetHints":{"allow":["GET"]}}],"collection":[{"href":"https:\/\/musikpoint.eu\/index.php\/wp-json\/wp\/v2\/pages"}],"about":[{"href":"https:\/\/musikpoint.eu\/index.php\/wp-json\/wp\/v2\/types\/page"}],"author":[{"embeddable":true,"href":"https:\/\/musikpoint.eu\/index.php\/wp-json\/wp\/v2\/users\/1"}],"replies":[{"embeddable":true,"href":"https:\/\/musikpoint.eu\/index.php\/wp-json\/wp\/v2\/comments?post=153"}],"version-history":[{"count":4,"href":"https:\/\/musikpoint.eu\/index.php\/wp-json\/wp\/v2\/pages\/153\/revisions"}],"predecessor-version":[{"id":760,"href":"https:\/\/musikpoint.eu\/index.php\/wp-json\/wp\/v2\/pages\/153\/revisions\/760"}],"up":[{"embeddable":true,"href":"https:\/\/musikpoint.eu\/index.php\/wp-json\/wp\/v2\/pages\/146"}],"wp:attachment":[{"href":"https:\/\/musikpoint.eu\/index.php\/wp-json\/wp\/v2\/media?parent=153"}],"curies":[{"name":"wp","href":"https:\/\/api.w.org\/{rel}","templated":true}]}}